{"id":8,"date":"2018-10-15T17:10:06","date_gmt":"2018-10-15T17:10:06","guid":{"rendered":"http:\/\/www.xhioskischool.com\/?page_id=8"},"modified":"2022-11-28T20:11:35","modified_gmt":"2022-11-28T20:11:35","slug":"experience","status":"publish","type":"page","link":"https:\/\/www.xhioskischool.com\/en\/experience\/","title":{"rendered":"<strong>Experience<\/strong>"},"content":{"rendered":"<figure class=\"wp-block-image size-full\"><a href=\"http:\/\/www.xhioskischool.com\/wp-content\/uploads\/2018\/11\/aros-ok.jpg\"><img decoding=\"async\" loading=\"lazy\" width=\"960\" height=\"462\" src=\"http:\/\/www.xhioskischool.com\/wp-content\/uploads\/2018\/11\/aros-ok.jpg\" alt=\"\" class=\"wp-image-338\" srcset=\"https:\/\/www.xhioskischool.com\/wp-content\/uploads\/2018\/11\/aros-ok.jpg 960w, https:\/\/www.xhioskischool.com\/wp-content\/uploads\/2018\/11\/aros-ok-300x144.jpg 300w, https:\/\/www.xhioskischool.com\/wp-content\/uploads\/2018\/11\/aros-ok-768x370.jpg 768w, https:\/\/www.xhioskischool.com\/wp-content\/uploads\/2018\/11\/aros-ok-50x24.jpg 50w\" sizes=\"(max-width: 960px) 100vw, 960px\" \/><\/a><\/figure>\n\n\n\n<div style=\"height:21px\" aria-hidden=\"true\" class=\"wp-block-spacer\"><\/div>\n\n\n\n<div class=\"is-layout-flex wp-container-1 wp-block-columns alignwide\"><\/div>\n\n\n\n<div class=\"is-layout-flex wp-container-4 wp-block-columns alignwide\">\n<div class=\"is-layout-flow wp-block-column\">\n<h2><em><strong data-rich-text-format-boundary=\"true\">\u00bfAlguna vez has so\u00f1ado con ser un deportista ol\u00edmpico? <\/strong><\/em><\/h2>\n<p><em>Ch\u00edo Delgado te acompa\u00f1a en una jornada de esqu\u00ed diferente, en la que no s\u00f3lo mejorar\u00e1s tu t\u00e9cnica, sino que adem\u00e1s descubrir\u00e1s los entresijos de lo que es vivir unos juegos ol\u00edmpicos de invierno desde dentro, como ella hizo en Vancouver 2010.<\/em><\/p>\n<\/div>\n\n\n\n<div class=\"is-layout-flow wp-block-column\"><div class=\"wp-block-image is-style-rounded\">\n<figure class=\"aligncenter size-full is-resized\"><a href=\"http:\/\/www.xhioskischool.com\/wp-content\/uploads\/2018\/11\/chio-ok.jpg\"><img decoding=\"async\" loading=\"lazy\" src=\"http:\/\/www.xhioskischool.com\/wp-content\/uploads\/2018\/11\/chio-ok.jpg\" alt=\"\" class=\"wp-image-340\" width=\"254\" height=\"254\" srcset=\"https:\/\/www.xhioskischool.com\/wp-content\/uploads\/2018\/11\/chio-ok.jpg 512w, https:\/\/www.xhioskischool.com\/wp-content\/uploads\/2018\/11\/chio-ok-150x150.jpg 150w, https:\/\/www.xhioskischool.com\/wp-content\/uploads\/2018\/11\/chio-ok-300x300.jpg 300w, https:\/\/www.xhioskischool.com\/wp-content\/uploads\/2018\/11\/chio-ok-50x50.jpg 50w, https:\/\/www.xhioskischool.com\/wp-content\/uploads\/2018\/11\/chio-ok-250x250.jpg 250w, https:\/\/www.xhioskischool.com\/wp-content\/uploads\/2018\/11\/chio-ok-174x174.jpg 174w\" sizes=\"(max-width: 254px) 100vw, 254px\" \/><\/a><\/figure><\/div><\/div>\n<\/div>\n\n\n\n<div class=\"is-layout-flex wp-container-6 wp-block-columns alignwide\">\n<div class=\"is-layout-flow wp-block-column is-vertically-aligned-center\" style=\"flex-basis:100%\">\n<h3>\u00bfEn qu\u00e9 consiste Experience Xhio Ski School?<\/h3>\n\n\n\n<p>Vivir\u00e1s una Experiencia donde solo tendr\u00e1s que preocuparte de disfrutar , trabajaras la t\u00e9cnica desde otro nivel, de la mano de la mas alta tecnolog\u00eda con dispositivos CARV, Y el HELMET HEADSET Y con un an\u00e1lisis exhaustivo de cada giro en momento real.<\/p>\n\n\n\n<p>Adem\u00e1s te acompa\u00f1ara un videogr\u00e1fo y tu d\u00eda quedara plasmado en fotos y experiencias que nunca paras olvidar.<\/p>\n<\/div>\n<\/div>","protected":false},"excerpt":{"rendered":"<p>\u00bfAlguna vez has so\u00f1ado con ser un deportista ol\u00edmpico? Ch\u00edo Delgado te acompa\u00f1a en una jornada de esqu\u00ed diferente, en la que no s\u00f3lo mejorar\u00e1s tu t\u00e9cnica, sino que adem\u00e1s descubrir\u00e1s los entresijos de lo que es vivir unos juegos ol\u00edmpicos de invierno desde dentro, como ella hizo en Vancouver 2010. \u00bfEn qu\u00e9 consiste Experience <a href=\"https:\/\/www.xhioskischool.com\/en\/experience\/\" rel=\"nofollow\"><span class=\"sr-only\">Read more about &lt;strong&gt;Experience&lt;\/strong&gt;<\/span>[&hellip;]<\/a><\/p>","protected":false},"author":1,"featured_media":0,"parent":0,"menu_order":0,"comment_status":"closed","ping_status":"closed","template":"template-fullwidth.php","meta":{"_joinchat":[]},"yoast_head":"<!-- This site is optimized with the Yoast SEO plugin v19.12 - https:\/\/yoast.com\/wordpress\/plugins\/seo\/ -->\n<title>Experience - Ski school Sierra Nevada.<\/title>\n<meta name=\"robots\" content=\"index, follow, max-snippet:-1, max-image-preview:large, max-video-preview:-1\" \/>\n<link rel=\"canonical\" href=\"https:\/\/www.xhioskischool.com\/en\/experience\/\" \/>\n<meta property=\"og:locale\" content=\"en_GB\" \/>\n<meta property=\"og:type\" content=\"article\" \/>\n<meta property=\"og:title\" content=\"Experience - Ski school Sierra Nevada.\" \/>\n<meta property=\"og:description\" content=\"\u00bfAlguna vez has so\u00f1ado con ser un deportista ol\u00edmpico? Ch\u00edo Delgado te acompa\u00f1a en una jornada de esqu\u00ed diferente, en la que no s\u00f3lo mejorar\u00e1s tu t\u00e9cnica, sino que adem\u00e1s descubrir\u00e1s los entresijos de lo que es vivir unos juegos ol\u00edmpicos de invierno desde dentro, como ella hizo en Vancouver 2010. \u00bfEn qu\u00e9 consiste Experience Read more about &lt;strong&gt;Experience&lt;\/strong&gt;[&hellip;]\" \/>\n<meta property=\"og:url\" content=\"https:\/\/www.xhioskischool.com\/en\/experience\/\" \/>\n<meta property=\"og:site_name\" content=\"Ski school Sierra Nevada.\" \/>\n<meta property=\"article:modified_time\" content=\"2022-11-28T20:11:35+00:00\" \/>\n<meta property=\"og:image\" content=\"http:\/\/www.xhioskischool.com\/wp-content\/uploads\/2018\/11\/aros-ok.jpg\" \/>\n<meta name=\"twitter:card\" content=\"summary_large_image\" \/>\n<meta name=\"twitter:label1\" content=\"Estimated reading time\" \/>\n\t<meta name=\"twitter:data1\" content=\"1 minute\" \/>\n<script type=\"application\/ld+json\" class=\"yoast-schema-graph\">{\"@context\":\"https:\/\/schema.org\",\"@graph\":[{\"@type\":\"WebPage\",\"@id\":\"https:\/\/www.xhioskischool.com\/en\/experience\/\",\"url\":\"https:\/\/www.xhioskischool.com\/en\/experience\/\",\"name\":\"Experience - Ski school Sierra Nevada.\",\"isPartOf\":{\"@id\":\"https:\/\/www.xhioskischool.com\/en\/#website\"},\"datePublished\":\"2018-10-15T17:10:06+00:00\",\"dateModified\":\"2022-11-28T20:11:35+00:00\",\"breadcrumb\":{\"@id\":\"https:\/\/www.xhioskischool.com\/en\/experience\/#breadcrumb\"},\"inLanguage\":\"en-GB\",\"potentialAction\":[{\"@type\":\"ReadAction\",\"target\":[\"https:\/\/www.xhioskischool.com\/en\/experience\/\"]}]},{\"@type\":\"BreadcrumbList\",\"@id\":\"https:\/\/www.xhioskischool.com\/en\/experience\/#breadcrumb\",\"itemListElement\":[{\"@type\":\"ListItem\",\"position\":1,\"name\":\"Portada\",\"item\":\"https:\/\/www.xhioskischool.com\/en\/\"},{\"@type\":\"ListItem\",\"position\":2,\"name\":\"Experience\"}]},{\"@type\":\"WebSite\",\"@id\":\"https:\/\/www.xhioskischool.com\/en\/#website\",\"url\":\"https:\/\/www.xhioskischool.com\/en\/\",\"name\":\"Xhio Ski School Sierra Nevada\",\"description\":\"Home of skiers in Sierra Nevada, Spain.\",\"publisher\":{\"@id\":\"https:\/\/www.xhioskischool.com\/en\/#organization\"},\"alternateName\":\"Escuela de Esqu\u00ed Sierra Nevada Xhio\",\"potentialAction\":[{\"@type\":\"SearchAction\",\"target\":{\"@type\":\"EntryPoint\",\"urlTemplate\":\"https:\/\/www.xhioskischool.com\/en\/?s={search_term_string}\"},\"query-input\":\"required name=search_term_string\"}],\"inLanguage\":\"en-GB\"},{\"@type\":\"Organization\",\"@id\":\"https:\/\/www.xhioskischool.com\/en\/#organization\",\"name\":\"Xhio Ski School Sierra Nevada\",\"alternateName\":\"Escuela de Esqu\u00ed Sierra Nevada Xhio\",\"url\":\"https:\/\/www.xhioskischool.com\/en\/\",\"logo\":{\"@type\":\"ImageObject\",\"inLanguage\":\"en-GB\",\"@id\":\"https:\/\/www.xhioskischool.com\/en\/#\/schema\/logo\/image\/\",\"url\":\"https:\/\/www.xhioskischool.com\/wp-content\/uploads\/2018\/11\/cropped-xhio-completo-rojo.png\",\"contentUrl\":\"https:\/\/www.xhioskischool.com\/wp-content\/uploads\/2018\/11\/cropped-xhio-completo-rojo.png\",\"width\":668,\"height\":198,\"caption\":\"Xhio Ski School Sierra Nevada\"},\"image\":{\"@id\":\"https:\/\/www.xhioskischool.com\/en\/#\/schema\/logo\/image\/\"},\"sameAs\":[\"https:\/\/www.instagram.com\/xhio_ski_school\/\"]}]}<\/script>\n<!-- \/ Yoast SEO plugin. -->","yoast_head_json":{"title":"Experience - Ski school Sierra Nevada.","robots":{"index":"index","follow":"follow","max-snippet":"max-snippet:-1","max-image-preview":"max-image-preview:large","max-video-preview":"max-video-preview:-1"},"canonical":"https:\/\/www.xhioskischool.com\/en\/experience\/","og_locale":"en_GB","og_type":"article","og_title":"Experience - Ski school Sierra Nevada.","og_description":"\u00bfAlguna vez has so\u00f1ado con ser un deportista ol\u00edmpico? Ch\u00edo Delgado te acompa\u00f1a en una jornada de esqu\u00ed diferente, en la que no s\u00f3lo mejorar\u00e1s tu t\u00e9cnica, sino que adem\u00e1s descubrir\u00e1s los entresijos de lo que es vivir unos juegos ol\u00edmpicos de invierno desde dentro, como ella hizo en Vancouver 2010. \u00bfEn qu\u00e9 consiste Experience Read more about &lt;strong&gt;Experience&lt;\/strong&gt;[&hellip;]","og_url":"https:\/\/www.xhioskischool.com\/en\/experience\/","og_site_name":"Ski school Sierra Nevada.","article_modified_time":"2022-11-28T20:11:35+00:00","og_image":[{"url":"http:\/\/www.xhioskischool.com\/wp-content\/uploads\/2018\/11\/aros-ok.jpg"}],"twitter_card":"summary_large_image","twitter_misc":{"Estimated reading time":"1 minute"},"schema":{"@context":"https:\/\/schema.org","@graph":[{"@type":"WebPage","@id":"https:\/\/www.xhioskischool.com\/en\/experience\/","url":"https:\/\/www.xhioskischool.com\/en\/experience\/","name":"Experience - Ski school Sierra Nevada.","isPartOf":{"@id":"https:\/\/www.xhioskischool.com\/en\/#website"},"datePublished":"2018-10-15T17:10:06+00:00","dateModified":"2022-11-28T20:11:35+00:00","breadcrumb":{"@id":"https:\/\/www.xhioskischool.com\/en\/experience\/#breadcrumb"},"inLanguage":"en-GB","potentialAction":[{"@type":"ReadAction","target":["https:\/\/www.xhioskischool.com\/en\/experience\/"]}]},{"@type":"BreadcrumbList","@id":"https:\/\/www.xhioskischool.com\/en\/experience\/#breadcrumb","itemListElement":[{"@type":"ListItem","position":1,"name":"Portada","item":"https:\/\/www.xhioskischool.com\/en\/"},{"@type":"ListItem","position":2,"name":"Experience"}]},{"@type":"WebSite","@id":"https:\/\/www.xhioskischool.com\/en\/#website","url":"https:\/\/www.xhioskischool.com\/en\/","name":"Xhio Ski School Sierra Nevada","description":"Home of skiers in Sierra Nevada, Spain.","publisher":{"@id":"https:\/\/www.xhioskischool.com\/en\/#organization"},"alternateName":"Escuela de Esqu\u00ed Sierra Nevada Xhio","potentialAction":[{"@type":"SearchAction","target":{"@type":"EntryPoint","urlTemplate":"https:\/\/www.xhioskischool.com\/en\/?s={search_term_string}"},"query-input":"required name=search_term_string"}],"inLanguage":"en-GB"},{"@type":"Organization","@id":"https:\/\/www.xhioskischool.com\/en\/#organization","name":"Xhio Ski School Sierra Nevada","alternateName":"Escuela de Esqu\u00ed Sierra Nevada Xhio","url":"https:\/\/www.xhioskischool.com\/en\/","logo":{"@type":"ImageObject","inLanguage":"en-GB","@id":"https:\/\/www.xhioskischool.com\/en\/#\/schema\/logo\/image\/","url":"https:\/\/www.xhioskischool.com\/wp-content\/uploads\/2018\/11\/cropped-xhio-completo-rojo.png","contentUrl":"https:\/\/www.xhioskischool.com\/wp-content\/uploads\/2018\/11\/cropped-xhio-completo-rojo.png","width":668,"height":198,"caption":"Xhio Ski School Sierra Nevada"},"image":{"@id":"https:\/\/www.xhioskischool.com\/en\/#\/schema\/logo\/image\/"},"sameAs":["https:\/\/www.instagram.com\/xhio_ski_school\/"]}]}},"_links":{"self":[{"href":"https:\/\/www.xhioskischool.com\/en\/wp-json\/wp\/v2\/pages\/8"}],"collection":[{"href":"https:\/\/www.xhioskischool.com\/en\/wp-json\/wp\/v2\/pages"}],"about":[{"href":"https:\/\/www.xhioskischool.com\/en\/wp-json\/wp\/v2\/types\/page"}],"author":[{"embeddable":true,"href":"https:\/\/www.xhioskischool.com\/en\/wp-json\/wp\/v2\/users\/1"}],"replies":[{"embeddable":true,"href":"https:\/\/www.xhioskischool.com\/en\/wp-json\/wp\/v2\/comments?post=8"}],"version-history":[{"count":21,"href":"https:\/\/www.xhioskischool.com\/en\/wp-json\/wp\/v2\/pages\/8\/revisions"}],"predecessor-version":[{"id":570,"href":"https:\/\/www.xhioskischool.com\/en\/wp-json\/wp\/v2\/pages\/8\/revisions\/570"}],"wp:attachment":[{"href":"https:\/\/www.xhioskischool.com\/en\/wp-json\/wp\/v2\/media?parent=8"}],"curies":[{"name":"wp","href":"https:\/\/api.w.org\/{rel}","templated":true}]}}