{"id":46,"date":"2018-10-15T19:57:35","date_gmt":"2018-10-15T19:57:35","guid":{"rendered":"http:\/\/www.xhioskischool.com\/?page_id=46"},"modified":"2018-11-04T16:11:23","modified_gmt":"2018-11-04T16:11:23","slug":"faqs","status":"publish","type":"page","link":"https:\/\/www.xhioskischool.com\/en\/faqs\/","title":{"rendered":"FAQs"},"content":{"rendered":"<p><strong>\u00bfQu\u00e9 necesito para las clases privadas?<\/strong><\/p>\n<p>Tu equipo de nieve, ya sea propio o alquilado, compuesto por un traje de esqu\u00ed, botas, esqu\u00eds, bastones, casco y gafas.\u00a0 Te aconsejamos que lleves ropa t\u00e9rmica que transpire y calcetines altos. Antes de comenzar la actividad, apl\u00edcate crema solar factor 50.<\/p>\n<p>&nbsp;<\/p>\n<p><strong>\u00bfC\u00f3mo averiguo qu\u00e9 nivel de esqu\u00ed o snowboard tengo?<\/strong><\/p>\n<p>A. Debutante. De inicio a hacer giros en cu\u00f1a.<br \/>\nB. Principiante. Hasta llegar a realizar viraje fundamental.<br \/>\nC. Nivel Medio. Hasta giros en paralelos m\u00e1s o menos enlazados.<br \/>\nD. Nivel experto. Hasta viraje paralelo perfeccionado.<\/p>\n<p>&nbsp;<\/p>\n<p><strong>\u00bfPuedo dar clases particulares siendo menor de edad sin la presencia de un adulto?<\/strong><\/p>\n<p>S\u00ed, siempre y cuando tu madre, padre o tutor lo autoricen, para lo que deber\u00e1n firmar este documento que deber\u00e1s presentar antes del inicio de las clases, junto con una fotocopia del DNI del firmante y del libro de familia.<\/p>\n<p>&nbsp;<\/p>\n<p><strong>\u00bfDonde puedo alquilar equipamiento de nieve?<\/strong><\/p>\n<p>La escuela est\u00e1 ubicada en la tienda SUFIN, ellos alquilan material de esqu\u00ed o snowboard de alta calidad.<\/p>\n<p>&nbsp;<\/p>\n<p><strong>\u00bfC\u00f3mo llegar a Sierra Nevada?\u00a0<\/strong><\/p>\n<p><span class=\"highlighted\">Google Maps:\u00a0<a href=\"http:\/\/goo.gl\/maps\/46TIg\" target=\"_blank\" rel=\"noopener\">http:\/\/goo.gl\/maps\/46TIg<\/a><\/span><\/p>\n<p>Decimal: 37.095888,-3.400747<\/p>\n<p>G.P.S. N 37\u00b005\u203245\u2033 &#8211; W 003\u00b024\u203203\u2033<\/p>\n<p>Estado de la carretera: DGT: Tlf 900 123 505\u00a0 &#8211; Tlf. 011\u00a0<a href=\"http:\/\/www.dgt.es\/es\/el-trafico\/camaras-de-trafico\/granada\/a-395\/\" target=\"_blank\" rel=\"noopener\">Webcams A-395<\/a><\/p>\n<p><a href=\"http:\/\/infocar.dgt.es\/etraffic\/Buscador?Camaras=true&amp;SensoresMeteorologico=true&amp;SensoresTrafico=true&amp;Paneles=true&amp;IncidenciasOTROS=true&amp;IncidenciasEVENTOS=true&amp;IncidenciasRETENCION=true&amp;IncidenciasOBRAS=true&amp;IncidenciasMETEOROLOGICA=true&amp;IncidenciasPUERTOS=true&amp;IncidenciasRESTRICCIONES=true&amp;provincia=18&amp;poblacion=&amp;carretera=20236&amp;PK=25&amp;version=texto&amp;pagina=null&amp;caracter=acontecimiento&amp;accion_buscar=Buscar\" target=\"_blank\" rel=\"noopener\">Sensores carretera A-395<\/a><\/p>\n<p>Gasolineras:\u00a0<a href=\"http:\/\/maps.google.es\/maps\/ms?hl=es&amp;gl=es&amp;ie=UTF8&amp;oe=UTF8&amp;msa=0&amp;msid=107120787483494588788.00047e36f050f10bd9bfe&amp;t=h&amp;ll=37.134764,-3.441982&amp;spn=0,359.994341&amp;z=18&amp;layer=c&amp;cbll=37.13464,-3.441725&amp;panoid=0XEw74m1fKFlAMXVL-Lehw&amp;cbp=12,280.75,,0,8.92\">PK22 40<\/a>\u00a0\/\u00a0\u00a0<a href=\"http:\/\/maps.google.es\/maps\/ms?hl=es&amp;gl=es&amp;ie=UTF8&amp;oe=UTF8&amp;msa=0&amp;msid=107120787483494588788.00047e383c0edeb5bc3aa&amp;ll=37.156232,-3.546575&amp;spn=0,359.997927&amp;t=h&amp;z=19&amp;layer=c&amp;cbll=37.156163,-3.546047&amp;panoid=yDSKRtVrHEk3GDcG_ZT5vg&amp;cbp=12,340.67,,0,2.55\">PK6.400<\/a><\/p>\n<p>En coche:\u00a0Por la A-395, encontramos la Estaci\u00f3n en el Km. 31.<\/p>\n<p>En autob\u00fas:\u00a0Precio ida y vuelta: 9 \u20ac. Precio un s\u00f3lo trayecto: 5 \u20ac.<\/p>\n<p><strong>L\u00ednea Granada &#8211; Sierra Nevada.\u00a0<\/strong>Salida desde la estaci\u00f3n de autobuses de Granada.<\/p>\n<p>De lunes a viernes: 8:00 &#8211; 10:00 &#8211; 17:00 horas.<\/p>\n<p>S\u00e1bados, domingos y festivos:\u00a08:00 &#8211; 10:00 &#8211; 15:00 &#8211; 17:00 horas.<\/p>\n<p><strong>L\u00ednea Sierra Nevada &#8211; Granada.\u00a0<\/strong>Salida de Pradollano, desde el parking exterior de autobuses.<\/p>\n<p>De lunes a viernes: 9:00 &#8211; 16:00 &#8211; 18:30 horas<\/p>\n<p>S\u00e1bados, domingos y festivos: 9:00 &#8211; 13:00 &#8211; 16:00 &#8211; 18:30 horas.<\/p>\n<p>&nbsp;<\/p>\n<p><strong>\u00bfD\u00f3nde compro los forfaits?<\/strong><\/p>\n<p>Puedes comprarlos online en <a href=\"http:\/\/www.sierranevada.es\">www.sierranevada.es<\/a>. Adem\u00e1s, en <a href=\"https:\/\/sierranevada.es\/es\/invierno\/forfait\/\">este enlace<\/a> podr\u00e1s consultar cualquier duda que te pueda surgir sobre los forfaits.<\/p>\n<p>&nbsp;<\/p>\n<p><strong>\u00bfDonde puedo consultar la previsi\u00f3n meteorol\u00f3gica?<\/strong><\/p>\n<p>Desde <a href=\"https:\/\/sierranevada.es\/es\/webcams\/\">este enlace<\/a> podr\u00e1s ver las webcams instaladas en la estaci\u00f3n y la previsi\u00f3n para los pr\u00f3ximos d\u00edas.<\/p>\n<p>Y esta es la web del observatorio de Sierra Nevada, con informaci\u00f3n muy completa:\u00a0<a href=\"https:\/\/www.osn.iaa.csic.es\/page\/snows\">https:\/\/www.osn.iaa.csic.es\/page\/snows<\/a><\/p>\n<p>&nbsp;<\/p>\n<p><strong>\u00bfQu\u00e9 ocurre con mi reserva de clases particulares o XHIO Experience si ese d\u00eda cierra la estaci\u00f3n a causa de la meteorolog\u00eda?<\/strong><\/p>\n<p>Lo primero ser\u00e1 que nos pongamos en contacto por tel\u00e9fono. Te confirmaremos el cierre de la estaci\u00f3n, y de ser as\u00ed, fijaremos una nueva fecha de reserva a lo largo de la temporada vigente. En ning\u00fan caso se devuelve el importe de la reserva, simplemente se cambia la fecha prevista de la actividad.<\/p>\n<p>&nbsp;<\/p>\n<p><strong>\u00bfEn qu\u00e9 casos se devuelve el importe por cancelaci\u00f3n de reserva? <\/strong><\/p>\n<p>Solo en causas de fuerza mayor, en el que el participante no pueda realizar la actividad, bien sea por lesi\u00f3n o enfermedad de gravedad (mostrando el parte m\u00e9dico), o bien por fallecimiento.<\/p>","protected":false},"excerpt":{"rendered":"<p>\u00bfQu\u00e9 necesito para las clases privadas? Tu equipo de nieve, ya sea propio o alquilado, compuesto por un traje de esqu\u00ed, botas, esqu\u00eds, bastones, casco y gafas.\u00a0 Te aconsejamos que lleves ropa t\u00e9rmica que transpire y calcetines altos. Antes de comenzar la actividad, apl\u00edcate crema solar factor 50. &nbsp; \u00bfC\u00f3mo averiguo qu\u00e9 nivel de esqu\u00ed <a href=\"https:\/\/www.xhioskischool.com\/en\/faqs\/\" rel=\"nofollow\"><span class=\"sr-only\">Read more about FAQs<\/span>[&hellip;]<\/a><\/p>","protected":false},"author":1,"featured_media":0,"parent":0,"menu_order":0,"comment_status":"closed","ping_status":"closed","template":"template-fullwidth-no-title.php","meta":{"_joinchat":[]},"yoast_head":"<!-- This site is optimized with the Yoast SEO plugin v19.12 - https:\/\/yoast.com\/wordpress\/plugins\/seo\/ -->\n<title>FAQs - Ski school Sierra Nevada.<\/title>\n<meta name=\"robots\" content=\"index, follow, max-snippet:-1, max-image-preview:large, max-video-preview:-1\" \/>\n<link rel=\"canonical\" href=\"https:\/\/www.xhioskischool.com\/en\/faqs\/\" \/>\n<meta property=\"og:locale\" content=\"en_GB\" \/>\n<meta property=\"og:type\" content=\"article\" \/>\n<meta property=\"og:title\" content=\"FAQs - Ski school Sierra Nevada.\" \/>\n<meta property=\"og:description\" content=\"\u00bfQu\u00e9 necesito para las clases privadas? Tu equipo de nieve, ya sea propio o alquilado, compuesto por un traje de esqu\u00ed, botas, esqu\u00eds, bastones, casco y gafas.\u00a0 Te aconsejamos que lleves ropa t\u00e9rmica que transpire y calcetines altos. Antes de comenzar la actividad, apl\u00edcate crema solar factor 50. &nbsp; \u00bfC\u00f3mo averiguo qu\u00e9 nivel de esqu\u00ed Read more about FAQs[&hellip;]\" \/>\n<meta property=\"og:url\" content=\"https:\/\/www.xhioskischool.com\/en\/faqs\/\" \/>\n<meta property=\"og:site_name\" content=\"Ski school Sierra Nevada.\" \/>\n<meta property=\"article:modified_time\" content=\"2018-11-04T16:11:23+00:00\" \/>\n<meta name=\"twitter:card\" content=\"summary_large_image\" \/>\n<meta name=\"twitter:label1\" content=\"Estimated reading time\" \/>\n\t<meta name=\"twitter:data1\" content=\"3 minutes\" \/>\n<script type=\"application\/ld+json\" class=\"yoast-schema-graph\">{\"@context\":\"https:\/\/schema.org\",\"@graph\":[{\"@type\":\"WebPage\",\"@id\":\"https:\/\/www.xhioskischool.com\/en\/faqs\/\",\"url\":\"https:\/\/www.xhioskischool.com\/en\/faqs\/\",\"name\":\"FAQs - Ski school Sierra Nevada.\",\"isPartOf\":{\"@id\":\"https:\/\/www.xhioskischool.com\/#website\"},\"datePublished\":\"2018-10-15T19:57:35+00:00\",\"dateModified\":\"2018-11-04T16:11:23+00:00\",\"breadcrumb\":{\"@id\":\"https:\/\/www.xhioskischool.com\/en\/faqs\/#breadcrumb\"},\"inLanguage\":\"en-GB\",\"potentialAction\":[{\"@type\":\"ReadAction\",\"target\":[\"https:\/\/www.xhioskischool.com\/en\/faqs\/\"]}]},{\"@type\":\"BreadcrumbList\",\"@id\":\"https:\/\/www.xhioskischool.com\/en\/faqs\/#breadcrumb\",\"itemListElement\":[{\"@type\":\"ListItem\",\"position\":1,\"name\":\"Portada\",\"item\":\"https:\/\/www.xhioskischool.com\/\"},{\"@type\":\"ListItem\",\"position\":2,\"name\":\"FAQs\"}]},{\"@type\":\"WebSite\",\"@id\":\"https:\/\/www.xhioskischool.com\/#website\",\"url\":\"https:\/\/www.xhioskischool.com\/\",\"name\":\"Xhio Ski School Sierra Nevada\",\"description\":\"Home of skiers in Sierra Nevada, Spain.\",\"publisher\":{\"@id\":\"https:\/\/www.xhioskischool.com\/#organization\"},\"alternateName\":\"Escuela de Esqu\u00ed Sierra Nevada Xhio\",\"potentialAction\":[{\"@type\":\"SearchAction\",\"target\":{\"@type\":\"EntryPoint\",\"urlTemplate\":\"https:\/\/www.xhioskischool.com\/?s={search_term_string}\"},\"query-input\":\"required name=search_term_string\"}],\"inLanguage\":\"en-GB\"},{\"@type\":\"Organization\",\"@id\":\"https:\/\/www.xhioskischool.com\/#organization\",\"name\":\"Xhio Ski School Sierra Nevada\",\"alternateName\":\"Escuela de Esqu\u00ed Sierra Nevada Xhio\",\"url\":\"https:\/\/www.xhioskischool.com\/\",\"logo\":{\"@type\":\"ImageObject\",\"inLanguage\":\"en-GB\",\"@id\":\"https:\/\/www.xhioskischool.com\/#\/schema\/logo\/image\/\",\"url\":\"https:\/\/www.xhioskischool.com\/wp-content\/uploads\/2018\/11\/cropped-xhio-completo-rojo.png\",\"contentUrl\":\"https:\/\/www.xhioskischool.com\/wp-content\/uploads\/2018\/11\/cropped-xhio-completo-rojo.png\",\"width\":668,\"height\":198,\"caption\":\"Xhio Ski School Sierra Nevada\"},\"image\":{\"@id\":\"https:\/\/www.xhioskischool.com\/#\/schema\/logo\/image\/\"},\"sameAs\":[\"https:\/\/www.instagram.com\/xhio_ski_school\/\"]}]}<\/script>\n<!-- \/ Yoast SEO plugin. -->","yoast_head_json":{"title":"FAQs - Ski school Sierra Nevada.","robots":{"index":"index","follow":"follow","max-snippet":"max-snippet:-1","max-image-preview":"max-image-preview:large","max-video-preview":"max-video-preview:-1"},"canonical":"https:\/\/www.xhioskischool.com\/en\/faqs\/","og_locale":"en_GB","og_type":"article","og_title":"FAQs - Ski school Sierra Nevada.","og_description":"\u00bfQu\u00e9 necesito para las clases privadas? Tu equipo de nieve, ya sea propio o alquilado, compuesto por un traje de esqu\u00ed, botas, esqu\u00eds, bastones, casco y gafas.\u00a0 Te aconsejamos que lleves ropa t\u00e9rmica que transpire y calcetines altos. Antes de comenzar la actividad, apl\u00edcate crema solar factor 50. &nbsp; \u00bfC\u00f3mo averiguo qu\u00e9 nivel de esqu\u00ed Read more about FAQs[&hellip;]","og_url":"https:\/\/www.xhioskischool.com\/en\/faqs\/","og_site_name":"Ski school Sierra Nevada.","article_modified_time":"2018-11-04T16:11:23+00:00","twitter_card":"summary_large_image","twitter_misc":{"Estimated reading time":"3 minutes"},"schema":{"@context":"https:\/\/schema.org","@graph":[{"@type":"WebPage","@id":"https:\/\/www.xhioskischool.com\/en\/faqs\/","url":"https:\/\/www.xhioskischool.com\/en\/faqs\/","name":"FAQs - Ski school Sierra Nevada.","isPartOf":{"@id":"https:\/\/www.xhioskischool.com\/#website"},"datePublished":"2018-10-15T19:57:35+00:00","dateModified":"2018-11-04T16:11:23+00:00","breadcrumb":{"@id":"https:\/\/www.xhioskischool.com\/en\/faqs\/#breadcrumb"},"inLanguage":"en-GB","potentialAction":[{"@type":"ReadAction","target":["https:\/\/www.xhioskischool.com\/en\/faqs\/"]}]},{"@type":"BreadcrumbList","@id":"https:\/\/www.xhioskischool.com\/en\/faqs\/#breadcrumb","itemListElement":[{"@type":"ListItem","position":1,"name":"Portada","item":"https:\/\/www.xhioskischool.com\/"},{"@type":"ListItem","position":2,"name":"FAQs"}]},{"@type":"WebSite","@id":"https:\/\/www.xhioskischool.com\/#website","url":"https:\/\/www.xhioskischool.com\/","name":"Xhio Ski School Sierra Nevada","description":"Home of skiers in Sierra Nevada, Spain.","publisher":{"@id":"https:\/\/www.xhioskischool.com\/#organization"},"alternateName":"Escuela de Esqu\u00ed Sierra Nevada Xhio","potentialAction":[{"@type":"SearchAction","target":{"@type":"EntryPoint","urlTemplate":"https:\/\/www.xhioskischool.com\/?s={search_term_string}"},"query-input":"required name=search_term_string"}],"inLanguage":"en-GB"},{"@type":"Organization","@id":"https:\/\/www.xhioskischool.com\/#organization","name":"Xhio Ski School Sierra Nevada","alternateName":"Escuela de Esqu\u00ed Sierra Nevada Xhio","url":"https:\/\/www.xhioskischool.com\/","logo":{"@type":"ImageObject","inLanguage":"en-GB","@id":"https:\/\/www.xhioskischool.com\/#\/schema\/logo\/image\/","url":"https:\/\/www.xhioskischool.com\/wp-content\/uploads\/2018\/11\/cropped-xhio-completo-rojo.png","contentUrl":"https:\/\/www.xhioskischool.com\/wp-content\/uploads\/2018\/11\/cropped-xhio-completo-rojo.png","width":668,"height":198,"caption":"Xhio Ski School Sierra Nevada"},"image":{"@id":"https:\/\/www.xhioskischool.com\/#\/schema\/logo\/image\/"},"sameAs":["https:\/\/www.instagram.com\/xhio_ski_school\/"]}]}},"_links":{"self":[{"href":"https:\/\/www.xhioskischool.com\/en\/wp-json\/wp\/v2\/pages\/46"}],"collection":[{"href":"https:\/\/www.xhioskischool.com\/en\/wp-json\/wp\/v2\/pages"}],"about":[{"href":"https:\/\/www.xhioskischool.com\/en\/wp-json\/wp\/v2\/types\/page"}],"author":[{"embeddable":true,"href":"https:\/\/www.xhioskischool.com\/en\/wp-json\/wp\/v2\/users\/1"}],"replies":[{"embeddable":true,"href":"https:\/\/www.xhioskischool.com\/en\/wp-json\/wp\/v2\/comments?post=46"}],"version-history":[{"count":2,"href":"https:\/\/www.xhioskischool.com\/en\/wp-json\/wp\/v2\/pages\/46\/revisions"}],"predecessor-version":[{"id":174,"href":"https:\/\/www.xhioskischool.com\/en\/wp-json\/wp\/v2\/pages\/46\/revisions\/174"}],"wp:attachment":[{"href":"https:\/\/www.xhioskischool.com\/en\/wp-json\/wp\/v2\/media?parent=46"}],"curies":[{"name":"wp","href":"https:\/\/api.w.org\/{rel}","templated":true}]}}