{"id":227,"date":"2018-11-08T11:03:29","date_gmt":"2018-11-08T11:03:29","guid":{"rendered":"http:\/\/www.xhioskischool.com\/?page_id=227"},"modified":"2022-11-23T18:25:37","modified_gmt":"2022-11-23T18:25:37","slug":"alojamiento-forfaits","status":"publish","type":"page","link":"https:\/\/www.xhioskischool.com\/en\/alojamiento-forfaits\/","title":{"rendered":"Alojamiento y forfaits"},"content":{"rendered":"<p style=\"text-align: center;\"><div class=\"slider-wrapper\"><div class=\"ribbon\"><\/div><div id=\"nivoslider-T7Jnr-325\" class=\"nivoSlider\"><img src=\"https:\/\/www.xhioskischool.com\/wp-content\/uploads\/2018\/11\/cabecera-alojamiento.jpg\" alt=\"\" \/><\/div><\/div><script type=\"text\/javascript\">\nwindow.onload = function(){\n    jQuery(\"#nivoslider-T7Jnr-325 img\").css(\"position\",\"relative\").show();\n}\n<\/script>\n<\/p>\n<h1><\/h1>\n<h1 style=\"text-align: center;\">ALOJAMIENTO<\/h1>\n<p>Ofrecemos el alojamiento en Sierra Nevada que mejor se adapte a tus necesidades<\/p>\n<h1 style=\"text-align: center;\">FORFAITS<\/h1>\n<p>Adem\u00e1s de encontrar el mejor alojamiento para ti y los tuyos, gestionaremos a trav\u00e9s de la misma central de reservas tus forfaits de m\u00e1s de un d\u00eda.<\/p>","protected":false},"excerpt":{"rendered":"<p>ALOJAMIENTO Ofrecemos el alojamiento en Sierra Nevada que mejor se adapte a tus necesidades FORFAITS Adem\u00e1s de encontrar el mejor alojamiento para ti y los tuyos, gestionaremos a trav\u00e9s de la misma central de reservas tus forfaits de m\u00e1s de un d\u00eda.<\/p>","protected":false},"author":1,"featured_media":0,"parent":0,"menu_order":0,"comment_status":"closed","ping_status":"closed","template":"template-fullwidth-no-title.php","meta":{"_joinchat":[]},"yoast_head":"<!-- This site is optimized with the Yoast SEO plugin v19.12 - https:\/\/yoast.com\/wordpress\/plugins\/seo\/ -->\n<title>Alojamiento y forfaits - Ski school Sierra Nevada.<\/title>\n<meta name=\"robots\" content=\"index, follow, max-snippet:-1, max-image-preview:large, max-video-preview:-1\" \/>\n<link rel=\"canonical\" href=\"https:\/\/www.xhioskischool.com\/en\/alojamiento-forfaits\/\" \/>\n<meta property=\"og:locale\" content=\"en_GB\" \/>\n<meta property=\"og:type\" content=\"article\" \/>\n<meta property=\"og:title\" content=\"Alojamiento y forfaits - Ski school Sierra Nevada.\" \/>\n<meta property=\"og:description\" content=\"ALOJAMIENTO Ofrecemos el alojamiento en Sierra Nevada que mejor se adapte a tus necesidades FORFAITS Adem\u00e1s de encontrar el mejor alojamiento para ti y los tuyos, gestionaremos a trav\u00e9s de la misma central de reservas tus forfaits de m\u00e1s de un d\u00eda.\" \/>\n<meta property=\"og:url\" content=\"https:\/\/www.xhioskischool.com\/en\/alojamiento-forfaits\/\" \/>\n<meta property=\"og:site_name\" content=\"Ski school Sierra Nevada.\" \/>\n<meta property=\"article:modified_time\" content=\"2022-11-23T18:25:37+00:00\" \/>\n<meta name=\"twitter:card\" content=\"summary_large_image\" \/>\n<script type=\"application\/ld+json\" class=\"yoast-schema-graph\">{\"@context\":\"https:\/\/schema.org\",\"@graph\":[{\"@type\":\"WebPage\",\"@id\":\"https:\/\/www.xhioskischool.com\/en\/alojamiento-forfaits\/\",\"url\":\"https:\/\/www.xhioskischool.com\/en\/alojamiento-forfaits\/\",\"name\":\"Alojamiento y forfaits - Ski school Sierra Nevada.\",\"isPartOf\":{\"@id\":\"https:\/\/www.xhioskischool.com\/#website\"},\"datePublished\":\"2018-11-08T11:03:29+00:00\",\"dateModified\":\"2022-11-23T18:25:37+00:00\",\"breadcrumb\":{\"@id\":\"https:\/\/www.xhioskischool.com\/en\/alojamiento-forfaits\/#breadcrumb\"},\"inLanguage\":\"en-GB\",\"potentialAction\":[{\"@type\":\"ReadAction\",\"target\":[\"https:\/\/www.xhioskischool.com\/en\/alojamiento-forfaits\/\"]}]},{\"@type\":\"BreadcrumbList\",\"@id\":\"https:\/\/www.xhioskischool.com\/en\/alojamiento-forfaits\/#breadcrumb\",\"itemListElement\":[{\"@type\":\"ListItem\",\"position\":1,\"name\":\"Portada\",\"item\":\"https:\/\/www.xhioskischool.com\/\"},{\"@type\":\"ListItem\",\"position\":2,\"name\":\"Alojamiento y forfaits\"}]},{\"@type\":\"WebSite\",\"@id\":\"https:\/\/www.xhioskischool.com\/#website\",\"url\":\"https:\/\/www.xhioskischool.com\/\",\"name\":\"Xhio Ski School Sierra Nevada\",\"description\":\"Home of skiers in Sierra Nevada, Spain.\",\"publisher\":{\"@id\":\"https:\/\/www.xhioskischool.com\/#organization\"},\"alternateName\":\"Escuela de Esqu\u00ed Sierra Nevada Xhio\",\"potentialAction\":[{\"@type\":\"SearchAction\",\"target\":{\"@type\":\"EntryPoint\",\"urlTemplate\":\"https:\/\/www.xhioskischool.com\/?s={search_term_string}\"},\"query-input\":\"required name=search_term_string\"}],\"inLanguage\":\"en-GB\"},{\"@type\":\"Organization\",\"@id\":\"https:\/\/www.xhioskischool.com\/#organization\",\"name\":\"Xhio Ski School Sierra Nevada\",\"alternateName\":\"Escuela de Esqu\u00ed Sierra Nevada Xhio\",\"url\":\"https:\/\/www.xhioskischool.com\/\",\"logo\":{\"@type\":\"ImageObject\",\"inLanguage\":\"en-GB\",\"@id\":\"https:\/\/www.xhioskischool.com\/#\/schema\/logo\/image\/\",\"url\":\"https:\/\/www.xhioskischool.com\/wp-content\/uploads\/2018\/11\/cropped-xhio-completo-rojo.png\",\"contentUrl\":\"https:\/\/www.xhioskischool.com\/wp-content\/uploads\/2018\/11\/cropped-xhio-completo-rojo.png\",\"width\":668,\"height\":198,\"caption\":\"Xhio Ski School Sierra Nevada\"},\"image\":{\"@id\":\"https:\/\/www.xhioskischool.com\/#\/schema\/logo\/image\/\"},\"sameAs\":[\"https:\/\/www.instagram.com\/xhio_ski_school\/\"]}]}<\/script>\n<!-- \/ Yoast SEO plugin. -->","yoast_head_json":{"title":"Alojamiento y forfaits - Ski school Sierra Nevada.","robots":{"index":"index","follow":"follow","max-snippet":"max-snippet:-1","max-image-preview":"max-image-preview:large","max-video-preview":"max-video-preview:-1"},"canonical":"https:\/\/www.xhioskischool.com\/en\/alojamiento-forfaits\/","og_locale":"en_GB","og_type":"article","og_title":"Alojamiento y forfaits - Ski school Sierra Nevada.","og_description":"ALOJAMIENTO Ofrecemos el alojamiento en Sierra Nevada que mejor se adapte a tus necesidades FORFAITS Adem\u00e1s de encontrar el mejor alojamiento para ti y los tuyos, gestionaremos a trav\u00e9s de la misma central de reservas tus forfaits de m\u00e1s de un d\u00eda.","og_url":"https:\/\/www.xhioskischool.com\/en\/alojamiento-forfaits\/","og_site_name":"Ski school Sierra Nevada.","article_modified_time":"2022-11-23T18:25:37+00:00","twitter_card":"summary_large_image","schema":{"@context":"https:\/\/schema.org","@graph":[{"@type":"WebPage","@id":"https:\/\/www.xhioskischool.com\/en\/alojamiento-forfaits\/","url":"https:\/\/www.xhioskischool.com\/en\/alojamiento-forfaits\/","name":"Alojamiento y forfaits - Ski school Sierra Nevada.","isPartOf":{"@id":"https:\/\/www.xhioskischool.com\/#website"},"datePublished":"2018-11-08T11:03:29+00:00","dateModified":"2022-11-23T18:25:37+00:00","breadcrumb":{"@id":"https:\/\/www.xhioskischool.com\/en\/alojamiento-forfaits\/#breadcrumb"},"inLanguage":"en-GB","potentialAction":[{"@type":"ReadAction","target":["https:\/\/www.xhioskischool.com\/en\/alojamiento-forfaits\/"]}]},{"@type":"BreadcrumbList","@id":"https:\/\/www.xhioskischool.com\/en\/alojamiento-forfaits\/#breadcrumb","itemListElement":[{"@type":"ListItem","position":1,"name":"Portada","item":"https:\/\/www.xhioskischool.com\/"},{"@type":"ListItem","position":2,"name":"Alojamiento y forfaits"}]},{"@type":"WebSite","@id":"https:\/\/www.xhioskischool.com\/#website","url":"https:\/\/www.xhioskischool.com\/","name":"Xhio Ski School Sierra Nevada","description":"Home of skiers in Sierra Nevada, Spain.","publisher":{"@id":"https:\/\/www.xhioskischool.com\/#organization"},"alternateName":"Escuela de Esqu\u00ed Sierra Nevada Xhio","potentialAction":[{"@type":"SearchAction","target":{"@type":"EntryPoint","urlTemplate":"https:\/\/www.xhioskischool.com\/?s={search_term_string}"},"query-input":"required name=search_term_string"}],"inLanguage":"en-GB"},{"@type":"Organization","@id":"https:\/\/www.xhioskischool.com\/#organization","name":"Xhio Ski School Sierra Nevada","alternateName":"Escuela de Esqu\u00ed Sierra Nevada Xhio","url":"https:\/\/www.xhioskischool.com\/","logo":{"@type":"ImageObject","inLanguage":"en-GB","@id":"https:\/\/www.xhioskischool.com\/#\/schema\/logo\/image\/","url":"https:\/\/www.xhioskischool.com\/wp-content\/uploads\/2018\/11\/cropped-xhio-completo-rojo.png","contentUrl":"https:\/\/www.xhioskischool.com\/wp-content\/uploads\/2018\/11\/cropped-xhio-completo-rojo.png","width":668,"height":198,"caption":"Xhio Ski School Sierra Nevada"},"image":{"@id":"https:\/\/www.xhioskischool.com\/#\/schema\/logo\/image\/"},"sameAs":["https:\/\/www.instagram.com\/xhio_ski_school\/"]}]}},"_links":{"self":[{"href":"https:\/\/www.xhioskischool.com\/en\/wp-json\/wp\/v2\/pages\/227"}],"collection":[{"href":"https:\/\/www.xhioskischool.com\/en\/wp-json\/wp\/v2\/pages"}],"about":[{"href":"https:\/\/www.xhioskischool.com\/en\/wp-json\/wp\/v2\/types\/page"}],"author":[{"embeddable":true,"href":"https:\/\/www.xhioskischool.com\/en\/wp-json\/wp\/v2\/users\/1"}],"replies":[{"embeddable":true,"href":"https:\/\/www.xhioskischool.com\/en\/wp-json\/wp\/v2\/comments?post=227"}],"version-history":[{"count":14,"href":"https:\/\/www.xhioskischool.com\/en\/wp-json\/wp\/v2\/pages\/227\/revisions"}],"predecessor-version":[{"id":503,"href":"https:\/\/www.xhioskischool.com\/en\/wp-json\/wp\/v2\/pages\/227\/revisions\/503"}],"wp:attachment":[{"href":"https:\/\/www.xhioskischool.com\/en\/wp-json\/wp\/v2\/media?parent=227"}],"curies":[{"name":"wp","href":"https:\/\/api.w.org\/{rel}","templated":true}]}}