{"id":16,"date":"2018-10-15T17:12:46","date_gmt":"2018-10-15T17:12:46","guid":{"rendered":"http:\/\/www.xhioskischool.com\/?page_id=16"},"modified":"2023-02-13T17:34:11","modified_gmt":"2023-02-13T17:34:11","slug":"equipo","status":"publish","type":"page","link":"https:\/\/www.xhioskischool.com\/en\/equipo\/","title":{"rendered":"Equipo"},"content":{"rendered":"<p style=\"text-align: center;\"><div class=\"slider-wrapper\"><div class=\"ribbon\"><\/div><div id=\"nivoslider-3ufFd-300\" class=\"nivoSlider\"><img src=\"https:\/\/www.xhioskischool.com\/wp-content\/uploads\/2019\/10\/xhio-ski-school-portada-1024x609.jpg\" alt=\"\" \/><\/div><\/div><script type=\"text\/javascript\">\nwindow.onload = function(){\n    jQuery(\"#nivoslider-3ufFd-300 img\").css(\"position\",\"relative\").show();\n}\n<\/script>\n<\/p>\n<p><\/p>\n<p>Nuestra escuela es un claro ejemplo de profesionalidad y calidad de servicio. Alcanzamos este estatus debido a la forma en que est\u00e1 estructurada nuestra organizaci\u00f3n. Agrupamos a los profesionales en funci\u00f3n de su capacidad t\u00e9cnica y experiencia (fuera de pista, freeride, t\u00e9cnica, ni\u00f1os, snowboard, freestyle, telemark\u2026) para asegurar que cada alumno cuente con el mejor profesor en base a sus necesidades. De esta manera, se cumplen todos los aspectos t\u00e9cnicos y requisitos de seguridad.<\/p>\n<p style=\"text-align: left;\">Nuestro equipo, dirigido por la <strong>esquiadora ol\u00edmpica Ch\u00edo Delgado<\/strong>, est\u00e1 compuesto por exdeportistas y t\u00e9cnicos profesionales con m\u00e1s de veinte a\u00f1os de experiencia, expertos en competici\u00f3n, que te dar\u00e1n un trato personalizado y cercano, as\u00ed como te transmitir\u00e1n su pasi\u00f3n por la monta\u00f1a y la ense\u00f1anza.<\/p>\n<p><strong data-rich-text-format-boundary=\"true\">Ch\u00edo Delgado<\/strong>. Ol\u00edmpica en la modalidad de skicross en los JJOO de Invierno de Vancouver 2010.&nbsp; Licenciada en Ciencias de la Actividad F\u00edsica y el Deporte, Diplomada en Magisterio de Educaci\u00f3n F\u00edsica, y T\u00e9cnico Superior Deportivo de esqu\u00ed. Formadora del equipo docente IAD-FADI, y t\u00e9cnico en el Comit\u00e9 Ol\u00edmpico Espa\u00f1ol. Entrenadora de freestyle y de esqu\u00ed adaptado.&nbsp;<\/p>\n\n\n<p><\/p>\n\n\n\n<div class=\"is-layout-flex wp-container-4 wp-block-columns\">\n<div class=\"is-layout-flow wp-block-column\">\n<div class=\"wp-block-media-text alignwide is-stacked-on-mobile has-medium-font-size\" style=\"grid-template-columns:51% auto\"><figure class=\"wp-block-media-text__media\"><img decoding=\"async\" loading=\"lazy\" width=\"300\" height=\"300\" src=\"https:\/\/www.xhioskischool.com\/wp-content\/uploads\/2018\/11\/chio-ok-300x300.jpg\" alt=\"\" class=\"wp-image-340 size-medium\" srcset=\"https:\/\/www.xhioskischool.com\/wp-content\/uploads\/2018\/11\/chio-ok-300x300.jpg 300w, https:\/\/www.xhioskischool.com\/wp-content\/uploads\/2018\/11\/chio-ok-150x150.jpg 150w, https:\/\/www.xhioskischool.com\/wp-content\/uploads\/2018\/11\/chio-ok-50x50.jpg 50w, https:\/\/www.xhioskischool.com\/wp-content\/uploads\/2018\/11\/chio-ok-250x250.jpg 250w, https:\/\/www.xhioskischool.com\/wp-content\/uploads\/2018\/11\/chio-ok-174x174.jpg 174w, https:\/\/www.xhioskischool.com\/wp-content\/uploads\/2018\/11\/chio-ok.jpg 512w\" sizes=\"(max-width: 300px) 100vw, 300px\" \/><\/figure><div class=\"wp-block-media-text__content\">\n<p><strong>Ch\u00edo Delgado<\/strong>.  <\/p>\n<\/div><\/div>\n<\/div>\n\n\n\n<div class=\"is-layout-flow wp-block-column\">\n<div class=\"wp-block-media-text alignwide is-stacked-on-mobile\"><figure class=\"wp-block-media-text__media\"><img decoding=\"async\" loading=\"lazy\" width=\"300\" height=\"300\" src=\"https:\/\/www.xhioskischool.com\/wp-content\/uploads\/2019\/10\/profesor-ski-juandi-300x300.jpg\" alt=\"\" class=\"wp-image-367 size-medium\" srcset=\"https:\/\/www.xhioskischool.com\/wp-content\/uploads\/2019\/10\/profesor-ski-juandi-300x300.jpg 300w, https:\/\/www.xhioskischool.com\/wp-content\/uploads\/2019\/10\/profesor-ski-juandi-150x150.jpg 150w, https:\/\/www.xhioskischool.com\/wp-content\/uploads\/2019\/10\/profesor-ski-juandi-50x50.jpg 50w, https:\/\/www.xhioskischool.com\/wp-content\/uploads\/2019\/10\/profesor-ski-juandi-250x250.jpg 250w, https:\/\/www.xhioskischool.com\/wp-content\/uploads\/2019\/10\/profesor-ski-juandi-174x174.jpg 174w, https:\/\/www.xhioskischool.com\/wp-content\/uploads\/2019\/10\/profesor-ski-juandi.jpg 720w\" sizes=\"(max-width: 300px) 100vw, 300px\" \/><\/figure><div class=\"wp-block-media-text__content\">\n<p class=\"has-medium-font-size\"><strong>Juandi G\u00f3ngora<\/strong><\/p>\n<\/div><\/div>\n<\/div>\n\n\n\n<div class=\"is-layout-flow wp-block-column\">\n<div class=\"wp-block-media-text alignwide is-stacked-on-mobile\" style=\"grid-template-columns:42% auto\"><figure class=\"wp-block-media-text__media\"><img decoding=\"async\" loading=\"lazy\" width=\"259\" height=\"300\" src=\"https:\/\/www.xhioskischool.com\/wp-content\/uploads\/2022\/11\/gabi-259x300.jpg\" alt=\"\" class=\"wp-image-507 size-medium\" srcset=\"https:\/\/www.xhioskischool.com\/wp-content\/uploads\/2022\/11\/gabi-259x300.jpg 259w, https:\/\/www.xhioskischool.com\/wp-content\/uploads\/2022\/11\/gabi-885x1024.jpg 885w, https:\/\/www.xhioskischool.com\/wp-content\/uploads\/2022\/11\/gabi-768x889.jpg 768w, https:\/\/www.xhioskischool.com\/wp-content\/uploads\/2022\/11\/gabi-10x12.jpg 10w, https:\/\/www.xhioskischool.com\/wp-content\/uploads\/2022\/11\/gabi.jpg 1125w\" sizes=\"(max-width: 259px) 100vw, 259px\" \/><\/figure><div class=\"wp-block-media-text__content\">\n<p class=\"has-medium-font-size\"><strong>Gabi Mart\u00ednez<\/strong><\/p>\n<\/div><\/div>\n<\/div>\n<\/div>\n\n\n\n<div class=\"is-layout-flex wp-container-8 wp-block-columns\">\n<div class=\"is-layout-flow wp-block-column\">\n<div class=\"wp-block-media-text alignwide is-stacked-on-mobile\" style=\"grid-template-columns:43% auto\"><figure class=\"wp-block-media-text__media\"><img decoding=\"async\" loading=\"lazy\" width=\"248\" height=\"300\" src=\"https:\/\/www.xhioskischool.com\/wp-content\/uploads\/2022\/11\/luis-248x300.jpg\" alt=\"\" class=\"wp-image-506 size-medium\" srcset=\"https:\/\/www.xhioskischool.com\/wp-content\/uploads\/2022\/11\/luis-248x300.jpg 248w, https:\/\/www.xhioskischool.com\/wp-content\/uploads\/2022\/11\/luis-846x1024.jpg 846w, https:\/\/www.xhioskischool.com\/wp-content\/uploads\/2022\/11\/luis-768x929.jpg 768w, https:\/\/www.xhioskischool.com\/wp-content\/uploads\/2022\/11\/luis-10x12.jpg 10w, https:\/\/www.xhioskischool.com\/wp-content\/uploads\/2022\/11\/luis.jpg 1125w\" sizes=\"(max-width: 248px) 100vw, 248px\" \/><\/figure><div class=\"wp-block-media-text__content\">\n<p class=\"has-medium-font-size\"><strong>Luis Li\u00f1\u00e1n<\/strong><\/p>\n<\/div><\/div>\n<\/div>\n\n\n\n<div class=\"is-layout-flow wp-block-column\">\n<div class=\"wp-block-media-text alignwide is-stacked-on-mobile\"><figure class=\"wp-block-media-text__media\"><img decoding=\"async\" loading=\"lazy\" width=\"300\" height=\"292\" src=\"https:\/\/www.xhioskischool.com\/wp-content\/uploads\/2022\/11\/cris-300x292.jpg\" alt=\"\" class=\"wp-image-508 size-medium\" srcset=\"https:\/\/www.xhioskischool.com\/wp-content\/uploads\/2022\/11\/cris-300x292.jpg 300w, https:\/\/www.xhioskischool.com\/wp-content\/uploads\/2022\/11\/cris-1024x996.jpg 1024w, https:\/\/www.xhioskischool.com\/wp-content\/uploads\/2022\/11\/cris-768x747.jpg 768w, https:\/\/www.xhioskischool.com\/wp-content\/uploads\/2022\/11\/cris-12x12.jpg 12w, https:\/\/www.xhioskischool.com\/wp-content\/uploads\/2022\/11\/cris.jpg 1125w\" sizes=\"(max-width: 300px) 100vw, 300px\" \/><\/figure><div class=\"wp-block-media-text__content\">\n<p class=\"has-medium-font-size\"><strong>Cristina Fuentes<\/strong><\/p>\n<\/div><\/div>\n<\/div>\n\n\n\n<div class=\"is-layout-flow wp-block-column\">\n<div class=\"wp-block-media-text alignwide is-stacked-on-mobile\" style=\"grid-template-columns:39% auto\"><figure class=\"wp-block-media-text__media\"><img decoding=\"async\" loading=\"lazy\" width=\"768\" height=\"1024\" src=\"http:\/\/www.xhioskischool.com\/wp-content\/uploads\/2023\/02\/Vicente_Xhio_Ski_School.jpeg\" alt=\"\" class=\"wp-image-768 size-medium\" srcset=\"https:\/\/www.xhioskischool.com\/wp-content\/uploads\/2023\/02\/Vicente_Xhio_Ski_School.jpeg 768w, https:\/\/www.xhioskischool.com\/wp-content\/uploads\/2023\/02\/Vicente_Xhio_Ski_School-225x300.jpeg 225w, https:\/\/www.xhioskischool.com\/wp-content\/uploads\/2023\/02\/Vicente_Xhio_Ski_School-9x12.jpeg 9w\" sizes=\"(max-width: 768px) 100vw, 768px\" \/><\/figure><div class=\"wp-block-media-text__content\">\n<p class=\"has-medium-font-size\"><strong>Vicente<\/strong><\/p>\n<\/div><\/div>\n<\/div>\n<\/div>\n\n\n\n<div class=\"is-layout-flex wp-container-12 wp-block-columns\">\n<div class=\"is-layout-flow wp-block-column\">\n<div class=\"wp-block-media-text alignwide is-stacked-on-mobile\" style=\"grid-template-columns:43% auto\"><figure class=\"wp-block-media-text__media\"><img decoding=\"async\" loading=\"lazy\" width=\"576\" height=\"1024\" src=\"https:\/\/www.xhioskischool.com\/wp-content\/uploads\/2023\/02\/Alejandra_Xhio_ski_school.jpeg\" alt=\"\" class=\"wp-image-769 size-medium\" srcset=\"https:\/\/www.xhioskischool.com\/wp-content\/uploads\/2023\/02\/Alejandra_Xhio_ski_school.jpeg 576w, https:\/\/www.xhioskischool.com\/wp-content\/uploads\/2023\/02\/Alejandra_Xhio_ski_school-169x300.jpeg 169w, https:\/\/www.xhioskischool.com\/wp-content\/uploads\/2023\/02\/Alejandra_Xhio_ski_school-7x12.jpeg 7w\" sizes=\"(max-width: 576px) 100vw, 576px\" \/><\/figure><div class=\"wp-block-media-text__content\">\n<p class=\"has-medium-font-size\"><strong>Alejandra<\/strong><\/p>\n<\/div><\/div>\n<\/div>\n\n\n\n<div class=\"is-layout-flow wp-block-column\"><\/div>\n\n\n\n<div class=\"is-layout-flow wp-block-column\"><\/div>\n<\/div>","protected":false},"excerpt":{"rendered":"<p>Nuestra escuela es un claro ejemplo de profesionalidad y calidad de servicio. Alcanzamos este estatus debido a la forma en que est\u00e1 estructurada nuestra organizaci\u00f3n. Agrupamos a los profesionales en funci\u00f3n de su capacidad t\u00e9cnica y experiencia (fuera de pista, freeride, t\u00e9cnica, ni\u00f1os, snowboard, freestyle, telemark\u2026) para asegurar que cada alumno cuente con el mejor <a href=\"https:\/\/www.xhioskischool.com\/en\/equipo\/\" rel=\"nofollow\"><span class=\"sr-only\">Read more about Equipo<\/span>[&hellip;]<\/a><\/p>","protected":false},"author":1,"featured_media":0,"parent":0,"menu_order":0,"comment_status":"closed","ping_status":"closed","template":"template-fullwidth.php","meta":{"_joinchat":[]},"yoast_head":"<!-- This site is optimized with the Yoast SEO plugin v19.12 - https:\/\/yoast.com\/wordpress\/plugins\/seo\/ -->\n<title>Equipo - Ski school Sierra Nevada.<\/title>\n<meta name=\"robots\" content=\"index, follow, max-snippet:-1, max-image-preview:large, max-video-preview:-1\" \/>\n<link rel=\"canonical\" href=\"https:\/\/www.xhioskischool.com\/en\/equipo\/\" \/>\n<meta property=\"og:locale\" content=\"en_GB\" \/>\n<meta property=\"og:type\" content=\"article\" \/>\n<meta property=\"og:title\" content=\"Equipo - Ski school Sierra Nevada.\" \/>\n<meta property=\"og:description\" content=\"Nuestra escuela es un claro ejemplo de profesionalidad y calidad de servicio. Alcanzamos este estatus debido a la forma en que est\u00e1 estructurada nuestra organizaci\u00f3n. Agrupamos a los profesionales en funci\u00f3n de su capacidad t\u00e9cnica y experiencia (fuera de pista, freeride, t\u00e9cnica, ni\u00f1os, snowboard, freestyle, telemark\u2026) para asegurar que cada alumno cuente con el mejor Read more about Equipo[&hellip;]\" \/>\n<meta property=\"og:url\" content=\"https:\/\/www.xhioskischool.com\/en\/equipo\/\" \/>\n<meta property=\"og:site_name\" content=\"Ski school Sierra Nevada.\" \/>\n<meta property=\"article:modified_time\" content=\"2023-02-13T17:34:11+00:00\" \/>\n<meta property=\"og:image\" content=\"https:\/\/www.xhioskischool.com\/wp-content\/uploads\/2018\/11\/chio-ok-300x300.jpg\" \/>\n<meta name=\"twitter:card\" content=\"summary_large_image\" \/>\n<meta name=\"twitter:label1\" content=\"Estimated reading time\" \/>\n\t<meta name=\"twitter:data1\" content=\"3 minutes\" \/>\n<script type=\"application\/ld+json\" class=\"yoast-schema-graph\">{\"@context\":\"https:\/\/schema.org\",\"@graph\":[{\"@type\":\"WebPage\",\"@id\":\"https:\/\/www.xhioskischool.com\/en\/equipo\/\",\"url\":\"https:\/\/www.xhioskischool.com\/en\/equipo\/\",\"name\":\"Equipo - Ski school Sierra Nevada.\",\"isPartOf\":{\"@id\":\"https:\/\/www.xhioskischool.com\/#website\"},\"datePublished\":\"2018-10-15T17:12:46+00:00\",\"dateModified\":\"2023-02-13T17:34:11+00:00\",\"breadcrumb\":{\"@id\":\"https:\/\/www.xhioskischool.com\/en\/equipo\/#breadcrumb\"},\"inLanguage\":\"en-GB\",\"potentialAction\":[{\"@type\":\"ReadAction\",\"target\":[\"https:\/\/www.xhioskischool.com\/en\/equipo\/\"]}]},{\"@type\":\"BreadcrumbList\",\"@id\":\"https:\/\/www.xhioskischool.com\/en\/equipo\/#breadcrumb\",\"itemListElement\":[{\"@type\":\"ListItem\",\"position\":1,\"name\":\"Portada\",\"item\":\"https:\/\/www.xhioskischool.com\/\"},{\"@type\":\"ListItem\",\"position\":2,\"name\":\"Equipo\"}]},{\"@type\":\"WebSite\",\"@id\":\"https:\/\/www.xhioskischool.com\/#website\",\"url\":\"https:\/\/www.xhioskischool.com\/\",\"name\":\"Xhio Ski School Sierra Nevada\",\"description\":\"Home of skiers in Sierra Nevada, Spain.\",\"publisher\":{\"@id\":\"https:\/\/www.xhioskischool.com\/#organization\"},\"alternateName\":\"Escuela de Esqu\u00ed Sierra Nevada Xhio\",\"potentialAction\":[{\"@type\":\"SearchAction\",\"target\":{\"@type\":\"EntryPoint\",\"urlTemplate\":\"https:\/\/www.xhioskischool.com\/?s={search_term_string}\"},\"query-input\":\"required name=search_term_string\"}],\"inLanguage\":\"en-GB\"},{\"@type\":\"Organization\",\"@id\":\"https:\/\/www.xhioskischool.com\/#organization\",\"name\":\"Xhio Ski School Sierra Nevada\",\"alternateName\":\"Escuela de Esqu\u00ed Sierra Nevada Xhio\",\"url\":\"https:\/\/www.xhioskischool.com\/\",\"logo\":{\"@type\":\"ImageObject\",\"inLanguage\":\"en-GB\",\"@id\":\"https:\/\/www.xhioskischool.com\/#\/schema\/logo\/image\/\",\"url\":\"https:\/\/www.xhioskischool.com\/wp-content\/uploads\/2018\/11\/cropped-xhio-completo-rojo.png\",\"contentUrl\":\"https:\/\/www.xhioskischool.com\/wp-content\/uploads\/2018\/11\/cropped-xhio-completo-rojo.png\",\"width\":668,\"height\":198,\"caption\":\"Xhio Ski School Sierra Nevada\"},\"image\":{\"@id\":\"https:\/\/www.xhioskischool.com\/#\/schema\/logo\/image\/\"},\"sameAs\":[\"https:\/\/www.instagram.com\/xhio_ski_school\/\"]}]}<\/script>\n<!-- \/ Yoast SEO plugin. -->","yoast_head_json":{"title":"Equipo - Ski school Sierra Nevada.","robots":{"index":"index","follow":"follow","max-snippet":"max-snippet:-1","max-image-preview":"max-image-preview:large","max-video-preview":"max-video-preview:-1"},"canonical":"https:\/\/www.xhioskischool.com\/en\/equipo\/","og_locale":"en_GB","og_type":"article","og_title":"Equipo - Ski school Sierra Nevada.","og_description":"Nuestra escuela es un claro ejemplo de profesionalidad y calidad de servicio. Alcanzamos este estatus debido a la forma en que est\u00e1 estructurada nuestra organizaci\u00f3n. Agrupamos a los profesionales en funci\u00f3n de su capacidad t\u00e9cnica y experiencia (fuera de pista, freeride, t\u00e9cnica, ni\u00f1os, snowboard, freestyle, telemark\u2026) para asegurar que cada alumno cuente con el mejor Read more about Equipo[&hellip;]","og_url":"https:\/\/www.xhioskischool.com\/en\/equipo\/","og_site_name":"Ski school Sierra Nevada.","article_modified_time":"2023-02-13T17:34:11+00:00","og_image":[{"url":"https:\/\/www.xhioskischool.com\/wp-content\/uploads\/2018\/11\/chio-ok-300x300.jpg"}],"twitter_card":"summary_large_image","twitter_misc":{"Estimated reading time":"3 minutes"},"schema":{"@context":"https:\/\/schema.org","@graph":[{"@type":"WebPage","@id":"https:\/\/www.xhioskischool.com\/en\/equipo\/","url":"https:\/\/www.xhioskischool.com\/en\/equipo\/","name":"Equipo - Ski school Sierra Nevada.","isPartOf":{"@id":"https:\/\/www.xhioskischool.com\/#website"},"datePublished":"2018-10-15T17:12:46+00:00","dateModified":"2023-02-13T17:34:11+00:00","breadcrumb":{"@id":"https:\/\/www.xhioskischool.com\/en\/equipo\/#breadcrumb"},"inLanguage":"en-GB","potentialAction":[{"@type":"ReadAction","target":["https:\/\/www.xhioskischool.com\/en\/equipo\/"]}]},{"@type":"BreadcrumbList","@id":"https:\/\/www.xhioskischool.com\/en\/equipo\/#breadcrumb","itemListElement":[{"@type":"ListItem","position":1,"name":"Portada","item":"https:\/\/www.xhioskischool.com\/"},{"@type":"ListItem","position":2,"name":"Equipo"}]},{"@type":"WebSite","@id":"https:\/\/www.xhioskischool.com\/#website","url":"https:\/\/www.xhioskischool.com\/","name":"Xhio Ski School Sierra Nevada","description":"Home of skiers in Sierra Nevada, Spain.","publisher":{"@id":"https:\/\/www.xhioskischool.com\/#organization"},"alternateName":"Escuela de Esqu\u00ed Sierra Nevada Xhio","potentialAction":[{"@type":"SearchAction","target":{"@type":"EntryPoint","urlTemplate":"https:\/\/www.xhioskischool.com\/?s={search_term_string}"},"query-input":"required name=search_term_string"}],"inLanguage":"en-GB"},{"@type":"Organization","@id":"https:\/\/www.xhioskischool.com\/#organization","name":"Xhio Ski School Sierra Nevada","alternateName":"Escuela de Esqu\u00ed Sierra Nevada Xhio","url":"https:\/\/www.xhioskischool.com\/","logo":{"@type":"ImageObject","inLanguage":"en-GB","@id":"https:\/\/www.xhioskischool.com\/#\/schema\/logo\/image\/","url":"https:\/\/www.xhioskischool.com\/wp-content\/uploads\/2018\/11\/cropped-xhio-completo-rojo.png","contentUrl":"https:\/\/www.xhioskischool.com\/wp-content\/uploads\/2018\/11\/cropped-xhio-completo-rojo.png","width":668,"height":198,"caption":"Xhio Ski School Sierra Nevada"},"image":{"@id":"https:\/\/www.xhioskischool.com\/#\/schema\/logo\/image\/"},"sameAs":["https:\/\/www.instagram.com\/xhio_ski_school\/"]}]}},"_links":{"self":[{"href":"https:\/\/www.xhioskischool.com\/en\/wp-json\/wp\/v2\/pages\/16"}],"collection":[{"href":"https:\/\/www.xhioskischool.com\/en\/wp-json\/wp\/v2\/pages"}],"about":[{"href":"https:\/\/www.xhioskischool.com\/en\/wp-json\/wp\/v2\/types\/page"}],"author":[{"embeddable":true,"href":"https:\/\/www.xhioskischool.com\/en\/wp-json\/wp\/v2\/users\/1"}],"replies":[{"embeddable":true,"href":"https:\/\/www.xhioskischool.com\/en\/wp-json\/wp\/v2\/comments?post=16"}],"version-history":[{"count":19,"href":"https:\/\/www.xhioskischool.com\/en\/wp-json\/wp\/v2\/pages\/16\/revisions"}],"predecessor-version":[{"id":772,"href":"https:\/\/www.xhioskischool.com\/en\/wp-json\/wp\/v2\/pages\/16\/revisions\/772"}],"wp:attachment":[{"href":"https:\/\/www.xhioskischool.com\/en\/wp-json\/wp\/v2\/media?parent=16"}],"curies":[{"name":"wp","href":"https:\/\/api.w.org\/{rel}","templated":true}]}}