{"id":10,"date":"2018-10-15T17:10:27","date_gmt":"2018-10-15T17:10:27","guid":{"rendered":"http:\/\/www.xhioskischool.com\/?page_id=10"},"modified":"2022-11-02T20:24:15","modified_gmt":"2022-11-02T20:24:15","slug":"club","status":"publish","type":"page","link":"https:\/\/www.xhioskischool.com\/en\/club\/","title":{"rendered":"Club"},"content":{"rendered":"<h3 style=\"text-align: center;\"><div class=\"slider-wrapper\"><div class=\"ribbon\"><\/div><div id=\"nivoslider-OJ341-313\" class=\"nivoSlider\"><img src=\"https:\/\/www.xhioskischool.com\/wp-content\/uploads\/2018\/11\/cabecera-experience.jpg\" alt=\"\" \/><\/div><\/div><script type=\"text\/javascript\">\nwindow.onload = function(){\n    jQuery(\"#nivoslider-OJ341-313 img\").css(\"position\",\"relative\").show();\n}\n<\/script>\n<\/h3>\n<hr \/>\n<h1 style=\"text-align: left;\">Xhio Club Little Champions<\/h1>\n<h2 style=\"text-align: left;\">\u00a1Creando campeones!<\/h2>\n<p>\u00bfTu hijo quiere seguir progresando para perfeccionar su t\u00e9cnica y divertirse a\u00fan m\u00e1s? \u00bfDisfrutan de nuevos desaf\u00edos y carreras contrarreloj?<\/p>\n<p>En Xhio Club Little Champions tiene el el objetivo de aprender, perfeccionar y entrenar todas las modalidades, alpino, freestyle, y\u00a0 freeride con categorias desde pre-alevines U6 y U8 donde prima la diversi\u00f3n hasta U-16 donde el deporte se va profesionalizando y es parte de la vida de nuestros peque\u00f1os.<\/p>\n<p><strong>Elija entre nuestras ofertas por hora, semanales y de temporada.<\/strong><\/p>\n<p>\u00bfQuieres seguir progresando para perfeccionar tu t\u00e9cnica y divertirte a\u00fan m\u00e1s?<br \/>\nEl equipo del Club Xhio Club Little Champions ofrece un programa muy amplio, adaptado a todas las edades y niveles, que te permitir\u00e1 entrenar de la mejor manera posible, para esquiadores desde la base hasta el m\u00e1s alto nivel, siendo los mas peque\u00f1os de la familia los que deciden el camino a seguir.<\/p>\n<hr \/>\n<h3 style=\"text-align: center;\"><strong>GRUPOS DE ENTRENAMIENTO<\/strong><\/h3>\n<table class=\"align: center\" style=\"height: 329px;\" width=\"329\">\n<tbody>\n<tr>\n<td style=\"text-align: center;\">CATEGOR\u00cdAS<\/td>\n<td style=\"text-align: center;\">EDADES<\/td>\n<td style=\"text-align: center;\">HORARIOS<\/td>\n<\/tr>\n<tr>\n<td style=\"text-align: center;\">POLLITOS<\/td>\n<td style=\"text-align: center;\">3-4 a\u00f1os<\/td>\n<td style=\"text-align: center;\">10 &#8211; 14 H<\/td>\n<\/tr>\n<tr>\n<td style=\"text-align: center;\">U6 ALEVIN<\/td>\n<td style=\"text-align: center;\">5-6 a\u00f1os<\/td>\n<td style=\"text-align: center;\">10 &#8211; 14 H<\/td>\n<\/tr>\n<tr>\n<td style=\"text-align: center;\">U8 ALEVIN<\/td>\n<td style=\"text-align: center;\">7-8 a\u00f1os<\/td>\n<td style=\"text-align: center;\">9:30 &#8211; 14:30 H<\/td>\n<\/tr>\n<tr>\n<td style=\"text-align: center;\">U10 INFANTIL I<\/td>\n<td style=\"text-align: center;\">9-10 a\u00f1os<\/td>\n<td style=\"text-align: center;\">9:30 &#8211; 14:30 H<\/td>\n<\/tr>\n<tr>\n<td style=\"text-align: center;\">U12 INFANTIL II<\/td>\n<td style=\"text-align: center;\">11-12 a\u00f1os<\/td>\n<td style=\"text-align: center;\">9:30 &#8211; 14:30 H<\/td>\n<\/tr>\n<tr>\n<td style=\"text-align: center;\">U14<\/td>\n<td style=\"text-align: center;\">13-14 a\u00f1os<\/td>\n<td style=\"text-align: center;\">9 &#8211; 14 H<\/td>\n<\/tr>\n<tr>\n<td style=\"text-align: center;\">U16<\/td>\n<td style=\"text-align: center;\">15-16 a\u00f1os<\/td>\n<td style=\"text-align: center;\">9 &#8211; 14 H<\/td>\n<\/tr>\n<tr>\n<td style=\"text-align: center;\">U18-U22<\/td>\n<td style=\"text-align: center;\">17-22 a\u00f1os<\/td>\n<td style=\"text-align: center;\">10 &#8211; 14 H<\/td>\n<\/tr>\n<tr>\n<td style=\"text-align: center;\">SENIOR<\/td>\n<td style=\"text-align: center;\">22-30 a\u00f1os<\/td>\n<td style=\"text-align: center;\">10 &#8211; 14 H<\/td>\n<\/tr>\n<tr>\n<td style=\"text-align: center;\">VETERANOS<\/td>\n<td style=\"text-align: center;\">30-99 a\u00f1os<\/td>\n<td style=\"text-align: center;\">10 &#8211; 14 H<\/td>\n<\/tr>\n<\/tbody>\n<\/table>\n<ul>\n<li>Los grupos se formar\u00e1n con un\u00a0m\u00ednimo de 5 personas.<\/li>\n<li>Las tarjetas federativas y licencias de corredor no est\u00e1n incluidas.<\/li>\n<li>La ropa del club se podr\u00e1 comprar en la oficina del club o a trav\u00e9s de la web.<\/li>\n<\/ul>\n<hr \/>\n<h3 style=\"text-align: center;\"><strong>PRECIO\u00a0<\/strong><\/h3>\n<table class=\"align: center\" style=\"height: 329px;\" width=\"329\">\n<tbody>\n<tr>\n<td style=\"text-align: center;\">TEMPORADA COMPLETA<\/td>\n<td style=\"text-align: center;\">1.100\u20ac pax<\/td>\n<td style=\"text-align: center;\">18\u20ac\/d\u00eda<\/td>\n<\/tr>\n<tr>\n<td style=\"text-align: center;\">MEDIA TEMPORADA (25d\u00edas)<\/td>\n<td style=\"text-align: center;\">800\u20ac pax<\/td>\n<td style=\"text-align: center;\">25\u20ac\/d\u00eda<\/td>\n<\/tr>\n<tr>\n<td style=\"text-align: center;\">15 D\u00cdAS<\/td>\n<td style=\"text-align: center;\">560\u20ac pax<\/td>\n<td style=\"text-align: center;\">37\u20ac\/d\u00eda<\/td>\n<\/tr>\n<tr>\n<td style=\"text-align: center;\">10 D\u00cdAS<\/td>\n<td style=\"text-align: center;\">450\u20ac pax<\/td>\n<td style=\"text-align: center;\">45\u20ac\/d\u00eda<\/td>\n<\/tr>\n<tr>\n<td style=\"text-align: center;\">D\u00cdAS SUELTOS<\/td>\n<td style=\"text-align: center;\">55\u20ac pax<\/td>\n<td style=\"text-align: center;\"><\/td>\n<\/tr>\n<\/tbody>\n<\/table>\n<ul>\n<li>Temporada completa: Fines de semana, Navidad y Semana Santa.<\/li>\n<li>Las inscripciones de temporada completa se cerrar\u00e1 el 31 de Diciembre.<\/li>\n<\/ul>\n<h3 style=\"text-align: center;\"><strong>INSCRIPCI\u00d3N<\/strong><\/h3>\n<p>Para formalizar la inscripci\u00f3n ponte en contacto con el club a trav\u00e9s del tel\u00e9fono\u00a0+34 609 515 678\u00a0 y envia el justificante de pago a\u00a0<a href=\"mailto:info@xhioskischool.com\" target=\"_blank\" rel=\"noopener noreferrer\">info@xhioskischool.com<\/a><\/p>","protected":false},"excerpt":{"rendered":"<p>Xhio Club Little Champions \u00a1Creando campeones! \u00bfTu hijo quiere seguir progresando para perfeccionar su t\u00e9cnica y divertirse a\u00fan m\u00e1s? \u00bfDisfrutan de nuevos desaf\u00edos y carreras contrarreloj? En Xhio Club Little Champions tiene el el objetivo de aprender, perfeccionar y entrenar todas las modalidades, alpino, freestyle, y\u00a0 freeride con categorias desde pre-alevines U6 y U8 donde <a href=\"https:\/\/www.xhioskischool.com\/en\/club\/\" rel=\"nofollow\"><span class=\"sr-only\">Read more about Club<\/span>[&hellip;]<\/a><\/p>","protected":false},"author":1,"featured_media":284,"parent":0,"menu_order":0,"comment_status":"closed","ping_status":"closed","template":"template-fullwidth.php","meta":{"_joinchat":[]},"yoast_head":"<!-- This site is optimized with the Yoast SEO plugin v19.12 - https:\/\/yoast.com\/wordpress\/plugins\/seo\/ -->\n<title>Club - Ski school Sierra Nevada.<\/title>\n<meta name=\"robots\" content=\"index, follow, max-snippet:-1, max-image-preview:large, max-video-preview:-1\" \/>\n<link rel=\"canonical\" href=\"https:\/\/www.xhioskischool.com\/en\/club\/\" \/>\n<meta property=\"og:locale\" content=\"en_GB\" \/>\n<meta property=\"og:type\" content=\"article\" \/>\n<meta property=\"og:title\" content=\"Club - Ski school Sierra Nevada.\" \/>\n<meta property=\"og:description\" content=\"Xhio Club Little Champions \u00a1Creando campeones! \u00bfTu hijo quiere seguir progresando para perfeccionar su t\u00e9cnica y divertirse a\u00fan m\u00e1s? \u00bfDisfrutan de nuevos desaf\u00edos y carreras contrarreloj? En Xhio Club Little Champions tiene el el objetivo de aprender, perfeccionar y entrenar todas las modalidades, alpino, freestyle, y\u00a0 freeride con categorias desde pre-alevines U6 y U8 donde Read more about Club[&hellip;]\" \/>\n<meta property=\"og:url\" content=\"https:\/\/www.xhioskischool.com\/en\/club\/\" \/>\n<meta property=\"og:site_name\" content=\"Ski school Sierra Nevada.\" \/>\n<meta property=\"article:modified_time\" content=\"2022-11-02T20:24:15+00:00\" \/>\n<meta property=\"og:image\" content=\"https:\/\/www.xhioskischool.com\/wp-content\/uploads\/2018\/11\/IMG_7071-1024x307.jpg\" \/>\n\t<meta property=\"og:image:width\" content=\"1024\" \/>\n\t<meta property=\"og:image:height\" content=\"307\" \/>\n\t<meta property=\"og:image:type\" content=\"image\/jpeg\" \/>\n<meta name=\"twitter:card\" content=\"summary_large_image\" \/>\n<meta name=\"twitter:label1\" content=\"Estimated reading time\" \/>\n\t<meta name=\"twitter:data1\" content=\"2 minutes\" \/>\n<script type=\"application\/ld+json\" class=\"yoast-schema-graph\">{\"@context\":\"https:\/\/schema.org\",\"@graph\":[{\"@type\":\"WebPage\",\"@id\":\"https:\/\/www.xhioskischool.com\/en\/club\/\",\"url\":\"https:\/\/www.xhioskischool.com\/en\/club\/\",\"name\":\"Club - Ski school Sierra Nevada.\",\"isPartOf\":{\"@id\":\"https:\/\/www.xhioskischool.com\/#website\"},\"datePublished\":\"2018-10-15T17:10:27+00:00\",\"dateModified\":\"2022-11-02T20:24:15+00:00\",\"breadcrumb\":{\"@id\":\"https:\/\/www.xhioskischool.com\/en\/club\/#breadcrumb\"},\"inLanguage\":\"en-GB\",\"potentialAction\":[{\"@type\":\"ReadAction\",\"target\":[\"https:\/\/www.xhioskischool.com\/en\/club\/\"]}]},{\"@type\":\"BreadcrumbList\",\"@id\":\"https:\/\/www.xhioskischool.com\/en\/club\/#breadcrumb\",\"itemListElement\":[{\"@type\":\"ListItem\",\"position\":1,\"name\":\"Portada\",\"item\":\"https:\/\/www.xhioskischool.com\/\"},{\"@type\":\"ListItem\",\"position\":2,\"name\":\"Club\"}]},{\"@type\":\"WebSite\",\"@id\":\"https:\/\/www.xhioskischool.com\/#website\",\"url\":\"https:\/\/www.xhioskischool.com\/\",\"name\":\"Xhio Ski School Sierra Nevada\",\"description\":\"Home of skiers in Sierra Nevada, Spain.\",\"publisher\":{\"@id\":\"https:\/\/www.xhioskischool.com\/#organization\"},\"alternateName\":\"Escuela de Esqu\u00ed Sierra Nevada Xhio\",\"potentialAction\":[{\"@type\":\"SearchAction\",\"target\":{\"@type\":\"EntryPoint\",\"urlTemplate\":\"https:\/\/www.xhioskischool.com\/?s={search_term_string}\"},\"query-input\":\"required name=search_term_string\"}],\"inLanguage\":\"en-GB\"},{\"@type\":\"Organization\",\"@id\":\"https:\/\/www.xhioskischool.com\/#organization\",\"name\":\"Xhio Ski School Sierra Nevada\",\"alternateName\":\"Escuela de Esqu\u00ed Sierra Nevada Xhio\",\"url\":\"https:\/\/www.xhioskischool.com\/\",\"logo\":{\"@type\":\"ImageObject\",\"inLanguage\":\"en-GB\",\"@id\":\"https:\/\/www.xhioskischool.com\/#\/schema\/logo\/image\/\",\"url\":\"https:\/\/www.xhioskischool.com\/wp-content\/uploads\/2018\/11\/cropped-xhio-completo-rojo.png\",\"contentUrl\":\"https:\/\/www.xhioskischool.com\/wp-content\/uploads\/2018\/11\/cropped-xhio-completo-rojo.png\",\"width\":668,\"height\":198,\"caption\":\"Xhio Ski School Sierra Nevada\"},\"image\":{\"@id\":\"https:\/\/www.xhioskischool.com\/#\/schema\/logo\/image\/\"},\"sameAs\":[\"https:\/\/www.instagram.com\/xhio_ski_school\/\"]}]}<\/script>\n<!-- \/ Yoast SEO plugin. -->","yoast_head_json":{"title":"Club - Ski school Sierra Nevada.","robots":{"index":"index","follow":"follow","max-snippet":"max-snippet:-1","max-image-preview":"max-image-preview:large","max-video-preview":"max-video-preview:-1"},"canonical":"https:\/\/www.xhioskischool.com\/en\/club\/","og_locale":"en_GB","og_type":"article","og_title":"Club - Ski school Sierra Nevada.","og_description":"Xhio Club Little Champions \u00a1Creando campeones! \u00bfTu hijo quiere seguir progresando para perfeccionar su t\u00e9cnica y divertirse a\u00fan m\u00e1s? \u00bfDisfrutan de nuevos desaf\u00edos y carreras contrarreloj? En Xhio Club Little Champions tiene el el objetivo de aprender, perfeccionar y entrenar todas las modalidades, alpino, freestyle, y\u00a0 freeride con categorias desde pre-alevines U6 y U8 donde Read more about Club[&hellip;]","og_url":"https:\/\/www.xhioskischool.com\/en\/club\/","og_site_name":"Ski school Sierra Nevada.","article_modified_time":"2022-11-02T20:24:15+00:00","og_image":[{"width":1024,"height":307,"url":"https:\/\/www.xhioskischool.com\/wp-content\/uploads\/2018\/11\/IMG_7071-1024x307.jpg","type":"image\/jpeg"}],"twitter_card":"summary_large_image","twitter_misc":{"Estimated reading time":"2 minutes"},"schema":{"@context":"https:\/\/schema.org","@graph":[{"@type":"WebPage","@id":"https:\/\/www.xhioskischool.com\/en\/club\/","url":"https:\/\/www.xhioskischool.com\/en\/club\/","name":"Club - Ski school Sierra Nevada.","isPartOf":{"@id":"https:\/\/www.xhioskischool.com\/#website"},"datePublished":"2018-10-15T17:10:27+00:00","dateModified":"2022-11-02T20:24:15+00:00","breadcrumb":{"@id":"https:\/\/www.xhioskischool.com\/en\/club\/#breadcrumb"},"inLanguage":"en-GB","potentialAction":[{"@type":"ReadAction","target":["https:\/\/www.xhioskischool.com\/en\/club\/"]}]},{"@type":"BreadcrumbList","@id":"https:\/\/www.xhioskischool.com\/en\/club\/#breadcrumb","itemListElement":[{"@type":"ListItem","position":1,"name":"Portada","item":"https:\/\/www.xhioskischool.com\/"},{"@type":"ListItem","position":2,"name":"Club"}]},{"@type":"WebSite","@id":"https:\/\/www.xhioskischool.com\/#website","url":"https:\/\/www.xhioskischool.com\/","name":"Xhio Ski School Sierra Nevada","description":"Home of skiers in Sierra Nevada, Spain.","publisher":{"@id":"https:\/\/www.xhioskischool.com\/#organization"},"alternateName":"Escuela de Esqu\u00ed Sierra Nevada Xhio","potentialAction":[{"@type":"SearchAction","target":{"@type":"EntryPoint","urlTemplate":"https:\/\/www.xhioskischool.com\/?s={search_term_string}"},"query-input":"required name=search_term_string"}],"inLanguage":"en-GB"},{"@type":"Organization","@id":"https:\/\/www.xhioskischool.com\/#organization","name":"Xhio Ski School Sierra Nevada","alternateName":"Escuela de Esqu\u00ed Sierra Nevada Xhio","url":"https:\/\/www.xhioskischool.com\/","logo":{"@type":"ImageObject","inLanguage":"en-GB","@id":"https:\/\/www.xhioskischool.com\/#\/schema\/logo\/image\/","url":"https:\/\/www.xhioskischool.com\/wp-content\/uploads\/2018\/11\/cropped-xhio-completo-rojo.png","contentUrl":"https:\/\/www.xhioskischool.com\/wp-content\/uploads\/2018\/11\/cropped-xhio-completo-rojo.png","width":668,"height":198,"caption":"Xhio Ski School Sierra Nevada"},"image":{"@id":"https:\/\/www.xhioskischool.com\/#\/schema\/logo\/image\/"},"sameAs":["https:\/\/www.instagram.com\/xhio_ski_school\/"]}]}},"_links":{"self":[{"href":"https:\/\/www.xhioskischool.com\/en\/wp-json\/wp\/v2\/pages\/10"}],"collection":[{"href":"https:\/\/www.xhioskischool.com\/en\/wp-json\/wp\/v2\/pages"}],"about":[{"href":"https:\/\/www.xhioskischool.com\/en\/wp-json\/wp\/v2\/types\/page"}],"author":[{"embeddable":true,"href":"https:\/\/www.xhioskischool.com\/en\/wp-json\/wp\/v2\/users\/1"}],"replies":[{"embeddable":true,"href":"https:\/\/www.xhioskischool.com\/en\/wp-json\/wp\/v2\/comments?post=10"}],"version-history":[{"count":38,"href":"https:\/\/www.xhioskischool.com\/en\/wp-json\/wp\/v2\/pages\/10\/revisions"}],"predecessor-version":[{"id":513,"href":"https:\/\/www.xhioskischool.com\/en\/wp-json\/wp\/v2\/pages\/10\/revisions\/513"}],"wp:featuredmedia":[{"embeddable":true,"href":"https:\/\/www.xhioskischool.com\/en\/wp-json\/wp\/v2\/media\/284"}],"wp:attachment":[{"href":"https:\/\/www.xhioskischool.com\/en\/wp-json\/wp\/v2\/media?parent=10"}],"curies":[{"name":"wp","href":"https:\/\/api.w.org\/{rel}","templated":true}]}}